{"id":3,"date":"2020-08-19T11:44:29","date_gmt":"2020-08-19T09:44:29","guid":{"rendered":"http:\/\/localhost:10017\/?page_id=3"},"modified":"2021-09-09T15:25:36","modified_gmt":"2021-09-09T13:25:36","slug":"datenschutzerklaerung","status":"publish","type":"page","link":"https:\/\/primverlag.at\/en\/datenschutzerklaerung\/","title":{"rendered":"Datenschutzerkl\u00e4rung"},"content":{"rendered":"<p>Wir, PrimVerlag, Inhaber Hans Peter Gaiswinkler, Kirchenweg 18, 4062 Kirchberg-Thening, Austria, (nachfolgend&nbsp;<strong><em>\u201dPRIMVERLAG\u201d<\/em><\/strong>&nbsp;genannt), freuen uns \u00fcber Ihr Interesse an unserer Website und unserem Unternehmen.&nbsp;<strong><em>PRIMVERLAG<\/em><\/strong>&nbsp;nimmt den Schutz Ihrer pers\u00f6nlichen Daten sehr ernst bzw. wir halten uns strikt an die Regeln der Datenschutzgesetze. Personenbezogene. Daten werden auf dieser Webseite nur im technisch und rechtlich notwendigen Umfang erhoben. In keinem Fall werden die erhobenen Daten verkauft oder aus anderen, als den hier aufgef\u00fchrten Gr\u00fcnden, an Dritte weitergegeben.<\/p>\n\n\n\n<p>Die nachfolgende Erkl\u00e4rung gibt Ihnen einen ausf\u00fchrlichen \u00dcberblick dar\u00fcber, wie wir diesen Schutz gew\u00e4hrleisten und welche Art von Daten zu welchem Zweck erhoben werden.<\/p>\n\n\n\n<p><strong>Erhebung, Verarbeitung und Nutzung personenbezogener Daten<\/strong><\/p>\n\n\n\n<p>Sie k\u00f6nnen unsere Seite besuchen, ohne Angaben zu Ihrer Person zu machen. Wir speichern lediglich Zugriffsdaten ohne Personenbezug wie z.B.:&nbsp;<\/p>\n\n\n\n<ul class=\"wp-block-list\"><li>Browsertyp\/-version<\/li><li>verwendetes Betriebssystem<\/li><li>Refer. URL (die zuvor besuchte Seite)<\/li><li>Hostname des zugreifenden Rechners (IP Adresse)<\/li><li>Uhrzeit der Serveranfrage.<\/li><\/ul>\n\n\n\n<p>Diese Daten werden ausschlie\u00dflich zur Verbesserung unseres Angebotes ausgewertet und erlauben keinen R\u00fcckschluss auf Ihre Person.<\/p>\n\n\n\n<p><strong>Kundendaten<\/strong><\/p>\n\n\n\n<p>Personenbezogene Daten werden nur erhoben, wenn Sie uns diese im Rahmen Ihrer Warenbestellung bei&nbsp;<strong><em>PRIMVERLAG<\/em><\/strong>&nbsp;oder bei Er\u00f6ffnung eines&nbsp;<strong><em>PRIMVERLAG<\/em><\/strong>&nbsp;Kundenkontos oder Registrierung f\u00fcr unseren Newsletter freiwillig mitteilen. Wir verwenden die von Ihnen mitgeteilten Daten ohne Ihre gesonderte Einwilligung zur Erf\u00fcllung und Abwicklung Ihrer Bestellung und zur Kundeninformation in Briefform \u00fcber unsere Dienstleistungen oder zur Werbung f\u00fcr eigene \u00e4hnliche Waren, wie die von Ihnen bei&nbsp;<strong><em>PRIMVERLAG<\/em><\/strong>&nbsp;bestellten. Ihre E-Mailadresse kann von&nbsp;<strong><em>PRIMVERLAG<\/em><\/strong>&nbsp;auch im Kundenservice zum Versand von Lieferinfos, Statusmeldungen usw. verwendet werden. Sie k\u00f6nnen dieser Werbung und den Informationen jederzeit formlos widersprechen worauf wir Ihre Daten unverz\u00fcglich f\u00fcr weitere Werbe- und Infozwecke sperren. Mit vollst\u00e4ndiger Abwicklung des Vertrages und vollst\u00e4ndiger Kaufpreiszahlung wird&nbsp;<strong><em>PRIMVERLAG<\/em><\/strong>&nbsp;Ihre Daten, unter Ber\u00fccksichtigung auf steuer- und handelsrechtlicher Aufbewahrungsfristen, speichern und nach Ablauf dieser Fristen l\u00f6schen, sofern Sie nicht ausdr\u00fccklich in die weitere Nutzung Ihrer Daten eingewilligt haben. Bei Anmeldung zum Newsletter wird Ihre E-Mail-Adresse f\u00fcr eigene Werbezwecke genutzt, bis Sie sich vom Newsletter abmelden. Die Abmeldung vom&nbsp;<strong><em>PRIMVERLAG<\/em><\/strong>&nbsp;Newsletter ist jederzeit formlos m\u00f6glich.<\/p>\n\n\n\n<p><strong>Vertragstextspeicherung<\/strong><\/p>\n\n\n\n<p><strong><em>PRIMVERLAG<\/em><\/strong>&nbsp;speichert den Vertragstext und sendet Ihnen automatisch die Bestelldaten und nach schriftlicher Aufforderung die AGB per E-Mail zu. Die&nbsp;<a href=\"https:\/\/shop.schagerl.com\/%22index.php?content=agb#agbs\\%22\" rel=\"noopener\"><strong>AGB<\/strong><\/a>&nbsp;k\u00f6nnen Sie jederzeit auch&nbsp;<a href=\"https:\/\/shop.schagerl.com\/%22index.php?content=agb#agbs\\%22\" rel=\"noopener\"><strong>hier<\/strong><\/a>&nbsp;einsehen und herunterladen. Wenn Sie bei Ihrer Bestellung nicht eingeloggt waren, sind Ihre vergangenen Bestelldaten aus Sicherheitsgr\u00fcnden nicht mehr \u00fcber das Internet zug\u00e4nglich.<\/p>\n\n\n\n<p><strong>Cookies<\/strong><\/p>\n\n\n\n<p>Auf verschiedenen Seiten verwenden wir Cookies, um den Besuch unserer Website attraktiv zu gestalten und die Nutzung bestimmter Funktionen zu erm\u00f6glichen. Hierbei handelt es sich um kleine Textdateien, die auf Ihrem Rechner abgelegt werden. Die meisten der von uns verwendeten Cookies werden nach Ende der Browser-Sitzung wieder von Ihrer Festplatte gel\u00f6scht (sog. Sitzungs-Cookies). Andere Cookies verbleiben auf Ihrem Rechner und erm\u00f6glichen uns, Ihren Rechner bei Ihrem n\u00e4chsten Besuch wieder zu erkennen (sog. dauerhafte Cookies). Unseren Partnerunternehmen ist es nicht gestattet, \u00fcber unsere Website personenbezogene Daten mittels Cookies zu erheben, zu verarbeiten oder zu nutzen.<\/p>\n\n\n\n<p><strong>Weitergabe personenbezogener Daten<\/strong><\/p>\n\n\n\n<p>Eine Weitergabe Ihrer Daten erfolgt an das mit der Lieferung beauftragte Versandunternehmen, soweit dies zur Lieferung der Waren notwendig ist. Zur Abwicklung von Zahlungen geben wir Ihre Zahlungsdaten an das mit der Zahlung beauftragte Kreditinstitut weiter.&nbsp;<\/p>\n\n\n\n<p><strong>Newsletter<\/strong><\/p>\n\n\n\n<p>Wenn Sie den auf der Website angebotenen Newsletter empfangen m\u00f6chten, ben\u00f6tigen wir von Ihnen eine g\u00fcltige E-Mail-Adresse sowie Informationen, die uns die \u00dcberpr\u00fcfung gestatten, dass Sie der Inhaber der angegebenen E-Mail-Adresse sind bzw. deren Inhaber mit dem Empfang des Newsletters einverstanden ist. Weitere Daten werden nicht erhoben. Ihre Einwilligung zur Speicherung der Daten, der E-Mail-Adresse sowie deren Nutzung zum Versand des Newsletters k\u00f6nnen Sie jederzeit formlos widerrufen.<\/p>\n\n\n\n<p><strong>Google Analytics<\/strong><\/p>\n\n\n\n<p>Diese Website benutzt Google Analytics, einen Webanalysedienst der Google Inc. (\u201eGoogle\u201c). Google Analytics verwendet sog. \u201eCookies\u201c, Textdateien, die auf Ihrem Computer gespeichert werden und die eine Analyse der Benutzung der Website durch Sie erm\u00f6glichen. Die durch den Cookie erzeugten Informationen \u00fcber Ihre Benutzung dieser Website (einschlie\u00dflich Ihrer IP-Adresse, die jedoch mit der Methode _anonymizeIp() anonymisiert wird, so dass sie nicht mehr einem Anschluss zugeordnet werden kann) wird an einen Server von Google in den USA \u00fcbertragen und dort gespeichert. Google wird diese Informationen benutzen, um Ihre Nutzung der Website auszuwerten, um Reports \u00fcber die Websiteaktivit\u00e4ten f\u00fcr die Websitebetreiber zusammenzustellen und um weitere mit der Websitenutzung und der Internetnutzung verbundene Dienstleistungen zu erbringen. Auch wird Google diese Informationen gegebenenfalls an Dritte \u00fcbertragen, sofern dies gesetzlich vorgeschrieben oder soweit Dritte diese Daten im Auftrag von Google verarbeiten. Google wird in keinem Fall Ihre IP-Adresse mit anderen Daten von Google in Verbindung bringen. Sie k\u00f6nnen die Installation der Cookies durch eine entsprechende Einstellung Ihrer Browser Software verhindern; wir weisen Sie jedoch darauf hin, dass Sie in diesem Fall gegebenenfalls nicht s\u00e4mtliche Funktionen dieser Website vollumf\u00e4nglich nutzen k\u00f6nnen. Durch die Nutzung dieser Website erkl\u00e4ren Sie sich mit der Bearbeitung der \u00fcber Sie erhobenen Daten durch Google in der zuvor beschriebenen Art und Weise und zu dem zuvor benannten Zweck einverstanden. Sie k\u00f6nnen der Erhebung der Daten durch Google-Analytics mit Wirkung f\u00fcr die Zukunft widersprechen, indem sie ein Deaktivierungs-Add-on&nbsp;<a href=\"https:\/\/shop.schagerl.com\/%22http:\/tools.google.com\/dlpage\/gaoptout?hl=de\\%22\" rel=\"noopener\">(http:\/\/tools.google.com\/dlpage\/gaoptout?hl=de)<\/a>&nbsp;f\u00fcr Ihren Browser installieren.<\/p>\n\n\n\n<p><strong>Verwendung von Facebook Social Plugins<\/strong><\/p>\n\n\n\n<p>Diese Website verwendet sogenannte Social Plugins (\"Plugins\") des sozialen Netzwerkes Facebook , das von der Facebook Inc., 1601 S. California Ave, Palo Alto, CA 94304, USA (\"Facebook\") betrieben wird. Die Plugins sind mit einem Facebook-Logo oder dem Zusatz \"Soziales Plug-in von Facebook\" bzw. \"Facebook Social Plugin\" gekennzeichnet. Eine \u00fcbersicht \u00fcber die Facebook Plugins und deren Aussehen finden Sie hier:&nbsp;<a href=\"https:\/\/shop.schagerl.com\/%22http:\/developers.facebook.com\/plugins\/%22\" rel=\"noopener\">http:\/\/developers.facebook.com\/plugins<\/a>.<br>Wenn Sie eine Seite unseres Webauftritts aufrufen, die ein solches Plugin enth\u00e4lt, baut Ihr Browser eine direkte Verbindung mit den Servern von Facebook auf. Der Inhalt des Plugins wird von Facebook direkt an Ihren Browser \u00fcbermittelt und von diesem in die Webseite eingebunden.<br>Durch die Einbindung der Plugins erh\u00e4lt Facebook die Information, dass Ihr Browser die entsprechende Seite unseres Webauftritts aufgerufen hat, auch wenn Sie kein Facebook-Konto besitzen oder gerade nicht bei Facebook eingeloggt sind. Diese Information (einschlie\u00dflich Ihrer IP-Adresse) wird von Ihrem Browser direkt an einen Server von Facebook in den USA \u00fcbermittelt und dort gespeichert.<br>Sind Sie bei Facebook eingeloggt, kann Facebook den Besuch unserer Website Ihrem Facebook-Konto direkt zuordnen. Wenn Sie mit den Plugins interagieren, zum Beispiel den \"Gef\u00e4llt mir\"-Button bet\u00e4tigen oder einen Kommentar abgeben, wird die entsprechende Information ebenfalls direkt an einen Server von Facebook \u00fcbermittelt und dort gespeichert. Die Informationen werden zudem auf Facebook ver\u00f6ffentlicht und Ihren Facebook-Freunden angezeigt.<br>Facebook kann diese Informationen zum Zwecke der Werbung, Marktforschung und bedarfsgerechten Gestaltung der Facebook-Seiten benutzen. Hierzu werden von Facebook Nutzungs-, Interessen- und Beziehungsprofile erstellt, z. B. um Ihre Nutzung unserer Website im Hinblick auf die Ihnen bei Facebook eingeblendeten Werbeanzeigen auszuwerten, andere Facebook-Nutzer \u00fcber Ihre Aktivit\u00e4ten auf unserer Website zu informieren und um weitere mit der Nutzung von Facebook verbundene Dienstleistungen zu erbringen.<br>Wenn Sie nicht m\u00f6chten, dass Facebook die \u00fcber unseren Webauftritt gesammelten Daten Ihrem Facebook-Konto zuordnet, m\u00fcssen Sie sich vor Ihrem Besuch unserer Website bei Facebook ausloggen.<br>Zweck und Umfang der Datenerhebung und die weitere Verarbeitung und Nutzung der Daten durch Facebook sowie Ihre diesbez\u00fcglichen Rechte und Einstellungsm\u00f6glichkeiten zum Schutz Ihrer Privatsph\u00e4re entnehmen Sie bitte den Datenschutzhinweisen von Facebook:&nbsp;<a href=\"https:\/\/shop.schagerl.com\/%22http:\/www.facebook.com\/policy.php\/%22\" rel=\"noopener\">http:\/\/www.facebook.com\/policy.php<\/a><\/p>\n\n\n\n<p><strong>Auskunftsrecht, Recht auf Berichtigung, Sperrung und ggf. L\u00f6schung Ihrer Daten<\/strong><\/p>\n\n\n\n<p>Sie haben nach dem Bundesdatenschutzgesetz jederzeit das Recht auf unentgeltliche Auskunft \u00fcber Ihre gespeicherten Daten, deren Herkunft und Empf\u00e4nger sowie den Zweck der Speicherung. Des Weiteren besteht evtl. ein Recht auf L\u00f6schung (insofern wir nicht vom Gesetzgeber zur Speicherung der Daten verpflichtet sind), Sperrung und nat\u00fcrlich auf die Berichtigung Ihrer Daten. Bei Fragen \u00fcber die gespeicherten Daten, bei Berichtigungen und evtl. L\u00f6schungen oder Sperrungen Ihrer Daten sowie Widerruf erteilter Einwilligungen wenden Sie sich bitte an den Datenschutzbeauftragten von\u00a0<strong><em>\u201dPRIMVERLAG\u201d<\/em><\/strong>, E-Mail:\u00a0hallo@primverlag.at<\/p>\n\n\n\n<p><strong>Weitere Informationen und Ansprechpartner f\u00fcr Datenschutz<\/strong><\/p>\n\n\n\n<p>Ihr Vertrauen ist uns wichtig. Daher m\u00f6chten wir Ihnen jederzeit Rede und Antwort bez\u00fcglich der Verarbeitung Ihrer personenbezogenen Daten stehen. Wenn Sie Fragen haben, die Ihnen diese Datenschutzerkl\u00e4rung nicht beantworten konnte, oder wenn Sie zu einem Punkt vertiefte Informationen w\u00fcnschen, wenden Sie sich bitte jederzeit an den Datenschutzbeauftragten von\u00a0<strong><em>\u201dPRIMVERLAG\u201d<\/em><\/strong>, E-Mail:\u00a0hallo@primverlag.at<\/p>","protected":false},"excerpt":{"rendered":"<p>Wir, PrimVerlag, Inhaber Hans Peter Gaiswinkler, Kirchenweg 18, 4062 Kirchberg-Thening, Austria, (nachfolgend&nbsp;\u201dPRIMVERLAG\u201d&nbsp;genannt), freuen uns \u00fcber Ihr Interesse an unserer Website und unserem Unternehmen.&nbsp;PRIMVERLAG&nbsp;nimmt den Schutz Ihrer pers\u00f6nlichen Daten sehr ernst bzw. wir halten uns strikt an die Regeln der Datenschutzgesetze. Personenbezogene. Daten werden auf dieser Webseite nur im technisch und rechtlich notwendigen Umfang erhoben. In [&hellip;]<\/p>","protected":false},"author":1,"featured_media":0,"parent":0,"menu_order":0,"comment_status":"closed","ping_status":"open","template":"","meta":{"rank_math_lock_modified_date":false,"footnotes":""},"class_list":["post-3","page","type-page","status-publish","hentry"],"_links":{"self":[{"href":"https:\/\/primverlag.at\/en\/wp-json\/wp\/v2\/pages\/3"}],"collection":[{"href":"https:\/\/primverlag.at\/en\/wp-json\/wp\/v2\/pages"}],"about":[{"href":"https:\/\/primverlag.at\/en\/wp-json\/wp\/v2\/types\/page"}],"author":[{"embeddable":true,"href":"https:\/\/primverlag.at\/en\/wp-json\/wp\/v2\/users\/1"}],"replies":[{"embeddable":true,"href":"https:\/\/primverlag.at\/en\/wp-json\/wp\/v2\/comments?post=3"}],"version-history":[{"count":2,"href":"https:\/\/primverlag.at\/en\/wp-json\/wp\/v2\/pages\/3\/revisions"}],"predecessor-version":[{"id":2046,"href":"https:\/\/primverlag.at\/en\/wp-json\/wp\/v2\/pages\/3\/revisions\/2046"}],"wp:attachment":[{"href":"https:\/\/primverlag.at\/en\/wp-json\/wp\/v2\/media?parent=3"}],"curies":[{"name":"wp","href":"https:\/\/api.w.org\/{rel}","templated":true}]}}