{"id":1926,"date":"2021-09-05T22:28:57","date_gmt":"2021-09-05T20:28:57","guid":{"rendered":"https:\/\/primverlag.at\/?page_id=1926"},"modified":"2024-07-22T11:15:15","modified_gmt":"2024-07-22T09:15:15","slug":"zahlung","status":"publish","type":"page","link":"https:\/\/primverlag.at\/en\/zahlung\/","title":{"rendered":"Payment methods"},"content":{"rendered":"<p>We accept the following payment methods:<\/p>\n\n\n\n<div class=\"wp-block-media-text alignwide is-stacked-on-mobile\" style=\"grid-template-columns:17% auto\"><figure class=\"wp-block-media-text__media\"><img loading=\"lazy\" decoding=\"async\" width=\"300\" height=\"80\" src=\"https:\/\/primverlag.at\/wp-content\/uploads\/2021\/09\/paypal-300x80.png\" alt=\"\" class=\"wp-image-1929 size-medium\" srcset=\"https:\/\/primverlag.at\/wp-content\/uploads\/2021\/09\/paypal-300x80.png 300w, https:\/\/primverlag.at\/wp-content\/uploads\/2021\/09\/paypal-768x206.png 768w, https:\/\/primverlag.at\/wp-content\/uploads\/2021\/09\/paypal-18x5.png 18w, https:\/\/primverlag.at\/wp-content\/uploads\/2021\/09\/paypal.png 959w\" sizes=\"(max-width: 300px) 100vw, 300px\" \/><\/figure><div class=\"wp-block-media-text__content\">\n<p class=\"has-normal-font-size\">With PayPal you can pay for your purchases easily, securely and quickly. You need a PayPal account for this payment method.<\/p>\n<\/div><\/div>\n\n\n\n<div style=\"height:40px\" aria-hidden=\"true\" class=\"wp-block-spacer\"><\/div>\n\n\n\n<div class=\"wp-block-media-text alignwide is-stacked-on-mobile\" style=\"grid-template-columns:17% auto\"><figure class=\"wp-block-media-text__media\"><img loading=\"lazy\" decoding=\"async\" width=\"300\" height=\"90\" src=\"https:\/\/primverlag.at\/wp-content\/uploads\/2024\/07\/vorkasse-weiss-300x90-1.png\" alt=\"\" class=\"wp-image-4825 size-medium\" srcset=\"https:\/\/primverlag.at\/wp-content\/uploads\/2024\/07\/vorkasse-weiss-300x90-1.png 300w, https:\/\/primverlag.at\/wp-content\/uploads\/2024\/07\/vorkasse-weiss-300x90-1-18x5.png 18w\" sizes=\"(max-width: 300px) 100vw, 300px\" \/><\/figure><div class=\"wp-block-media-text__content\">\n<p class=\"has-normal-font-size\">Transfer the invoice amount in advance. Your order will be dispatched as soon as the invoice amount has been credited to our account. This payment method is only available for customers within Europe.<\/p>\n<\/div><\/div>\n\n\n\n<div style=\"height:40px\" aria-hidden=\"true\" class=\"wp-block-spacer\"><\/div>\n\n\n\n<div class=\"wp-block-media-text alignwide is-stacked-on-mobile\" style=\"grid-template-columns:17% auto\"><figure class=\"wp-block-media-text__media\"><img loading=\"lazy\" decoding=\"async\" width=\"300\" height=\"99\" src=\"https:\/\/primverlag.at\/wp-content\/uploads\/2021\/09\/sofort-300x99.png\" alt=\"\" class=\"wp-image-1933 size-medium\" srcset=\"https:\/\/primverlag.at\/wp-content\/uploads\/2021\/09\/sofort-300x99.png 300w, https:\/\/primverlag.at\/wp-content\/uploads\/2021\/09\/sofort-1024x338.png 1024w, https:\/\/primverlag.at\/wp-content\/uploads\/2021\/09\/sofort-768x253.png 768w, https:\/\/primverlag.at\/wp-content\/uploads\/2021\/09\/sofort-18x6.png 18w, https:\/\/primverlag.at\/wp-content\/uploads\/2021\/09\/sofort.png 1200w\" sizes=\"(max-width: 300px) 100vw, 300px\" \/><\/figure><div class=\"wp-block-media-text__content\">\n<p class=\"has-normal-font-size\">A transfer as usual from your bank account, but immediately.<\/p>\n<\/div><\/div>\n\n\n\n<div style=\"height:40px\" aria-hidden=\"true\" class=\"wp-block-spacer\"><\/div>\n\n\n\n<div class=\"wp-block-media-text alignwide is-stacked-on-mobile\" style=\"grid-template-columns:17% auto\"><figure class=\"wp-block-media-text__media\"><img loading=\"lazy\" decoding=\"async\" width=\"280\" height=\"94\" src=\"https:\/\/primverlag.at\/wp-content\/uploads\/2021\/09\/creditcard-2.png\" alt=\"\" class=\"wp-image-1950 size-full\" srcset=\"https:\/\/primverlag.at\/wp-content\/uploads\/2021\/09\/creditcard-2.png 280w, https:\/\/primverlag.at\/wp-content\/uploads\/2021\/09\/creditcard-2-18x6.png 18w\" sizes=\"(max-width: 280px) 100vw, 280px\" \/><\/figure><div class=\"wp-block-media-text__content\">\n<p>Payment by credit card. For this payment method you need a Visa, Mastercard or American Express credit card.<\/p>\n<\/div><\/div>","protected":false},"excerpt":{"rendered":"<p>Wir akzeptieren folgende Zahlungsarten: Mit PayPal bezahlen Sie einfach, sicher und schnell Ihre Eink\u00e4ufe. F\u00fcr diese Zahlungsart ben\u00f6tigen Sie ein PayPal Konto. \u00dcberweisen Sie den Rechnungsbetrag vorab. Ihre Bestellung wird versandt, sobald der Rechnungsbetrag auf unserem Konto eingegangen ist. Diese Zahlungsmethode ist nur f\u00fcr Kunden innerhalb Europas verf\u00fcgbar. Eine \u00dcberweisung wie gewohnt von Ihrem Bankkonto, [&hellip;]<\/p>","protected":false},"author":1,"featured_media":0,"parent":0,"menu_order":0,"comment_status":"closed","ping_status":"closed","template":"","meta":{"rank_math_lock_modified_date":false,"footnotes":""},"class_list":["post-1926","page","type-page","status-publish","hentry"],"_links":{"self":[{"href":"https:\/\/primverlag.at\/en\/wp-json\/wp\/v2\/pages\/1926"}],"collection":[{"href":"https:\/\/primverlag.at\/en\/wp-json\/wp\/v2\/pages"}],"about":[{"href":"https:\/\/primverlag.at\/en\/wp-json\/wp\/v2\/types\/page"}],"author":[{"embeddable":true,"href":"https:\/\/primverlag.at\/en\/wp-json\/wp\/v2\/users\/1"}],"replies":[{"embeddable":true,"href":"https:\/\/primverlag.at\/en\/wp-json\/wp\/v2\/comments?post=1926"}],"version-history":[{"count":16,"href":"https:\/\/primverlag.at\/en\/wp-json\/wp\/v2\/pages\/1926\/revisions"}],"predecessor-version":[{"id":4826,"href":"https:\/\/primverlag.at\/en\/wp-json\/wp\/v2\/pages\/1926\/revisions\/4826"}],"wp:attachment":[{"href":"https:\/\/primverlag.at\/en\/wp-json\/wp\/v2\/media?parent=1926"}],"curies":[{"name":"wp","href":"https:\/\/api.w.org\/{rel}","templated":true}]}}