{"id":131,"date":"2020-12-13T19:13:15","date_gmt":"2020-12-13T18:13:15","guid":{"rendered":"http:\/\/localhost:10017\/?page_id=131"},"modified":"2021-12-09T07:53:36","modified_gmt":"2021-12-09T06:53:36","slug":"impressum","status":"publish","type":"page","link":"https:\/\/primverlag.at\/en\/impressum\/","title":{"rendered":"Impressum"},"content":{"rendered":"<p>PrimVerlag<br>Inhaber: Hans Peter Gaiswinkler<br>Kirchenweg 18<br>4062 Kirchberg-Thening<br>Austria<br>Fon: +43 7221 21103<br>Fax: +43 7221 21103 99<br><a href=\"mailto:hallo@primverlag.at\">hallo@primverlag.at<\/a><br><a href=\"https:\/\/primverlag.at\/en\/\">www.primverlag.at<\/a><br>UID (VAT): ATU43405908<\/p>\n\n\n\n<p><\/p>\n\n\n\n<figure class=\"wp-block-image size-large is-resized\"><a href=\"https:\/\/primverlag.at\/en\/artists\/hans-peter-gaiswinkler\/\"><img loading=\"lazy\" decoding=\"async\" src=\"https:\/\/primverlag.at\/wp-content\/uploads\/2021\/09\/HP_Gaiswinkler-7-5_k-731x1024.jpg\" alt=\"\" class=\"wp-image-2005\" width=\"366\" height=\"512\" srcset=\"https:\/\/primverlag.at\/wp-content\/uploads\/2021\/09\/HP_Gaiswinkler-7-5_k-731x1024.jpg 731w, https:\/\/primverlag.at\/wp-content\/uploads\/2021\/09\/HP_Gaiswinkler-7-5_k-214x300.jpg 214w, https:\/\/primverlag.at\/wp-content\/uploads\/2021\/09\/HP_Gaiswinkler-7-5_k-768x1075.jpg 768w, https:\/\/primverlag.at\/wp-content\/uploads\/2021\/09\/HP_Gaiswinkler-7-5_k-1097x1536.jpg 1097w, https:\/\/primverlag.at\/wp-content\/uploads\/2021\/09\/HP_Gaiswinkler-7-5_k-1463x2048.jpg 1463w, https:\/\/primverlag.at\/wp-content\/uploads\/2021\/09\/HP_Gaiswinkler-7-5_k-9x12.jpg 9w, https:\/\/primverlag.at\/wp-content\/uploads\/2021\/09\/HP_Gaiswinkler-7-5_k-scaled.jpg 1829w\" sizes=\"(max-width: 366px) 100vw, 366px\" \/><\/a><figcaption>F\u00fcr den Inhalt verantwortlich: Hans Peter Gaiswinkler<\/figcaption><\/figure>\n\n\n\n<h4 class=\"wp-block-heading\">Rechtliche Hinweise:<\/h4>\n\n\n\n<p>Die EU-Kommission stellt eine Internetplattform zur Online-Beilegung von Streitigkeiten (sog. \"OS-Plattform\") bereit. Diese OS-Plattform ist unter folgendem Link erreichbar:&nbsp;<a href=\"http:\/\/ec.europa.eu\/CONSUMERS\/ODR\" rel=\"noopener\">HTTP:\/\/EC.EUROPA.EU\/CONSUMERS\/ODR<\/a><\/p>\n\n\n\n<p>Wir nehmen an einem Streitbeilegungsverfahren vor einer Verbraucherschlichtungsstelle nicht teil.<\/p>\n\n\n\n<p>Haftungshinweis: Trotz sorgf\u00e4ltiger inhaltlicher Kontrolle \u00fcbernehmen wir keine Haftung f\u00fcr die Inhalte externer Links. F\u00fcr den Inhalt der verlinkten Seiten sind ausschlie\u00dflich deren Betreiber verantwortlich.<\/p>\n\n\n\n<p>Die Inhalte aller Seiten dieses Webauftritts sind urheberrechtlich gesch\u00fctzt. Alle Rechte, auch die der \u00dcbersetzung, des Nachdrucks und der Vervielf\u00e4ltigung des Inhalts oder Teilen daraus, sind beim PrimVerlag.<\/p>\n\n\n\n<p>Preis\u00e4nderungen, Irrtum und Lieferungsm\u00f6glichkeit bleiben vorbehalten.<\/p>\n\n\n\n<p>Wir pr\u00fcfen und aktualisieren die Informationen auf unserer Website st\u00e4ndig. Trotz gr\u00f6\u00dfter Sorgfalt k\u00f6nnen sich die Daten inzwischen ver\u00e4ndert haben. Eine Haftung oder Garantie f\u00fcr die Aktualit\u00e4t, Richtigkeit und Vollst\u00e4ndigkeit der zur Verf\u00fcgung gestellten Informationen kann daher nicht \u00fcbernommen werden. Des Weiteren beh\u00e4lt sich der Verlag das Recht vor, \u00c4nderungen oder Erg\u00e4nzungen der bereitgestellten Informationen vorzunehmen.<\/p>","protected":false},"excerpt":{"rendered":"<p>PrimVerlagInhaber: Hans Peter GaiswinklerKirchenweg 184062 Kirchberg-TheningAustriaFon: +43 7221 21103Fax: +43 7221 21103 99hallo@primverlag.atwww.primverlag.atUID (VAT): ATU43405908 Rechtliche Hinweise: Die EU-Kommission stellt eine Internetplattform zur Online-Beilegung von Streitigkeiten (sog. \"OS-Plattform\") bereit. Diese OS-Plattform ist unter folgendem Link erreichbar:&nbsp;HTTP:\/\/EC.EUROPA.EU\/CONSUMERS\/ODR Wir nehmen an einem Streitbeilegungsverfahren vor einer Verbraucherschlichtungsstelle nicht teil. Haftungshinweis: Trotz sorgf\u00e4ltiger inhaltlicher Kontrolle \u00fcbernehmen wir keine Haftung [&hellip;]<\/p>","protected":false},"author":1,"featured_media":0,"parent":0,"menu_order":0,"comment_status":"closed","ping_status":"closed","template":"","meta":{"rank_math_lock_modified_date":false,"footnotes":""},"class_list":["post-131","page","type-page","status-publish","hentry"],"_links":{"self":[{"href":"https:\/\/primverlag.at\/en\/wp-json\/wp\/v2\/pages\/131"}],"collection":[{"href":"https:\/\/primverlag.at\/en\/wp-json\/wp\/v2\/pages"}],"about":[{"href":"https:\/\/primverlag.at\/en\/wp-json\/wp\/v2\/types\/page"}],"author":[{"embeddable":true,"href":"https:\/\/primverlag.at\/en\/wp-json\/wp\/v2\/users\/1"}],"replies":[{"embeddable":true,"href":"https:\/\/primverlag.at\/en\/wp-json\/wp\/v2\/comments?post=131"}],"version-history":[{"count":5,"href":"https:\/\/primverlag.at\/en\/wp-json\/wp\/v2\/pages\/131\/revisions"}],"predecessor-version":[{"id":2594,"href":"https:\/\/primverlag.at\/en\/wp-json\/wp\/v2\/pages\/131\/revisions\/2594"}],"wp:attachment":[{"href":"https:\/\/primverlag.at\/en\/wp-json\/wp\/v2\/media?parent=131"}],"curies":[{"name":"wp","href":"https:\/\/api.w.org\/{rel}","templated":true}]}}