{"id":124,"date":"2020-12-13T19:07:43","date_gmt":"2020-12-13T18:07:43","guid":{"rendered":"http:\/\/localhost:10017\/?page_id=124"},"modified":"2021-09-09T15:21:48","modified_gmt":"2021-09-09T13:21:48","slug":"agb","status":"publish","type":"page","link":"https:\/\/primverlag.at\/en\/agb\/","title":{"rendered":"Allgemeine Gesch\u00e4ftsbedingungen"},"content":{"rendered":"<p><strong>PrimVerlag<\/strong><\/p>\n\n\n\n<p>Kirchenweg 18<br>4062 Kirchberg-Thening<br>Austria<br>Fon: +43 7221 21103<br>Fax: +43 7221 21103-99<br>Email:\u00a0hallo@primverlag.at<br><br><strong>ALLGEMEINE GESCH\u00c4FTSBEDINGUNGEN<\/strong><br><br><strong>\u00a71 Allgemeines<\/strong><br><br>1. F\u00fcr Gesch\u00e4ftsbeziehungen jeglicher Art zwischen PrimVerlag und dem Kunden gelten die nachfolgenden Allgemeinen Gesch\u00e4ftsbedingungen in ihrer jeweils g\u00fcltigen Fassung. Abweichende Bedingungen oder allgemeine Gesch\u00e4ftsbedingungen des Kunden haben keine G\u00fcltigkeit, es sei denn, es ist schriftlich etwas anderes vereinbart worden. Die Lieferung der bestellten Waren gilt jedenfalls als Anerkenntnis unserer Allgemeinen Gesch\u00e4ftsbedingungen; Abweichungen dazu bed\u00fcrfen eines Best\u00e4tigungsschreibens unsererseits.<br><br>2. Die Darstellung der Produkte im Online-Shop stellt kein rechtlich bindendes Angebot, sondern nur einen unverbindlichen Online-Katalog des Warensortiments dar. Durch Anklicken des Buttons \u201eBestellung abschicken\u201c gibt der Kunde eine verbindliche Bestellung der im Warenkorb enthaltenen Waren ab. Die Bestellung kann nur abgeschickt werden, wenn der Kunde best\u00e4tigt, dass er die Allgemeinen Gesch\u00e4ftsbedingungen akzeptiert. Der Kaufvertrag kommt mit unserer separaten Auftragsbest\u00e4tigung oder Lieferung der Ware zustande. Der Vertragstext wird gespeichert und die Bestelldaten und der Link zu den Allgemeinen Gesch\u00e4ftsbedingungen werden dem Kunden per E-Mail zugesandt.<br><br>3. PrimVerlag beh\u00e4lt sich vor, die Leistung nicht zu erbringen, wenn sich nach Vertragsschluss herausstellt, dass die Ware nicht verf\u00fcgbar ist, obwohl ein entsprechendes Verpflichtungsgesch\u00e4ft abgeschlossen wurde. In einem solchen Fall erh\u00e4lt der Kunde eine Nachricht. Eventuell bereits erbrachte Gegenleistungen werden zur\u00fcckerstattet. Weitere Anspr\u00fcche gegen PrimVerlag sind aus-geschlossen.<br><br>4. Vertragssprache ist Deutsch.<br><br><br><strong>\u00a72 Lieferung<\/strong><br><br>1. Die Lieferung erfolgt auf Gefahr des Kunden. Sobald die Ware von PrimVerlag einem Transportunternehmen \u00fcbergeben worden ist, geht das Risiko auf den Kunden \u00fcber. Dies gilt auch bei Teillieferungen. Die Lieferung erfolgt an die vom Kunden angegebene Lieferadresse.<br><br>2. Ist der Kunde Verbraucher, geht die Gefahr f\u00fcr den Verlust oder die Besch\u00e4digung der Ware erst auf den Verbraucher \u00fcber, sobald die Ware an den Verbraucher oder an einem von ihm bestimmten Dritten abgeliefert wird. Hat aber der Kunde selbst den Bef\u00f6rderungsvertrag abgeschlossen, ohne dabei eine vom Unternehmer vorgeschlagene Auswahlm\u00f6glichkeit zu n\u00fctzen, so geht die Gefahr bereits mit der Aush\u00e4ndigung der Ware an den Bef\u00f6rderer auf den Kunden \u00fcber.<br><br>3. S\u00e4mtliche Preise sind inkl. Mehrwertsteuer zuz\u00fcglich eventuell anfallender Verpackungs-, Versicherungs- und Transportkosten.<br><br>4. Die Lieferung erfolgt nach den jeweils zu vereinbarenden Versandkosten. Bei Lieferungen in Drittl\u00e4nder fallen zus\u00e4tzliche Z\u00f6lle und Geb\u00fchren f\u00fcr den Kunden an, die der Kunde zu tragen hat.<br><br>5. Die Ware ist umgehend nach Empfangnahme durch den Kunden oder seinen Beauftragten auf Transportsch\u00e4den zu untersuchen. Feststellbare Transportsch\u00e4den sind unverz\u00fcglich schriftlich anzuzeigen. Verpackungssch\u00e4den muss sich der Kunde bei Annahme der Ware von dem Transportunternehmen schriftlich best\u00e4tigen lassen.<br><br>6. Angaben \u00fcber Lieferfristen sind grunds\u00e4tzlich unverbindlich, es sei denn, es wurde ausdr\u00fccklich eine bestimmte Lieferfrist schriftlich vereinbart.<br><br>7. Schadensersatzanspr\u00fcche gegen PrimVerlag wegen Nichterf\u00fcllung oder Verzuges sind ausgeschlossen, soweit weder Vorsatz noch grobe Fahrl\u00e4ssigkeit vorliegt.<br><br>8. Die Warensendungen sind bis zu einem Warenwert von 500 Euro versichert. Bei einem Warenwert \u00fcber 500 Euro wird eine Versicherung abgeschlossen und an den Kunden verrechnet. Die Kosten f\u00fcr die Versicherung betragen 0,3 % des Warenwertes. Diese sind in den ausgeworfenen Transportkosten enthalten.<br><br><br><strong>\u00a73 Gew\u00e4hrleistung und Schadenersatz<\/strong><br><br>1. M\u00e4ngel oder Besch\u00e4digungen, die auf schuldhafte oder unsachgem\u00e4\u00dfe Behandlung oder unsachgem\u00e4\u00dfen Einbau sowie Verwendung ungeeigneten Zubeh\u00f6rs oder \u00c4nderungen der Originalteile durch den Kunden oder einem von PrimVerlag nicht beauftragten Dritten zur\u00fcckzuf\u00fchren sind, sind von der Gew\u00e4hrleistung ausgeschlossen.<br><br>2. Ein auf Gebrauch beruhender Verschlei\u00df ist von der Gew\u00e4hrleistung ebenfalls ausgeschlossen.<br><br>3. Kunden, die Unternehmer sind, haben die Ware oder den Auftragsgegenstand unverz\u00fcglich zu untersuchen und allf\u00e4llige M\u00e4ngel sofort schriftlich bekannt zu geben, widrigenfalls bestehen keine Gew\u00e4hrleistungsanspr\u00fcche f\u00fcr diese M\u00e4ngel. Nimmt ein solcher Kunde die Ware oder den Auftragsgegenstand trotz Kenntnis eines Mangels an, stehen dem Kunden Gew\u00e4hrleistungsanspr\u00fcche nur zu, wenn er sich diese ausdr\u00fccklich und schriftlich unverz\u00fcglich nach Empfang der Ware vorbeh\u00e4lt.<br><br><br><strong>\u00a74 Gew\u00e4rleistung<\/strong><\/p>\n\n\n\n<p>Liegt ein Mangel der Kaufsache vor<em>,<\/em>&nbsp;gelten die gesetzlichen Gew\u00e4hrleistungsvorschriften laut dem Allgemeinen B\u00fcrgerlichen Gesetzbuch (ABGB) und dem Konsumentenschutzgesetz (KSchG).<br><br><br><br><strong>\u00a75 Zahlungsbedingungen<\/strong><br><br>1. Bei allen Zahlungen erfolgt die Abbuchung mit der Bestellung der Ware. Bankgeb\u00fchren sind vom Kunden zu tragen.<br><br><br><br><strong>\u00a76 R\u00fccktrittsbelehrung<\/strong><br>Bei Kauf \u00fcber den Online-Shop der PrimVerlag k\u00f6nnen Verbraucher ohne Angabe von Gr\u00fcnden innerhalb von 14 Tagen den Vertrag widerrufen. Die Widerrufsfrist betr\u00e4gt vierzehn Tage ab dem Tag,<\/p>\n\n\n\n<ul class=\"wp-block-list\"><li>an dem Sie oder ein von Ihnen benannter Dritter, der nicht der Bef\u00f6rderer ist, die Waren in Besitz genommen haben bzw. hat, wenn Sie eine Ware oder mehrere Waren im Rahmen einer einheitlichen Bestellung bestellt haben und die Ware bzw. Waren einheitlich geliefert wird bzw. werden;<\/li><li>an dem Sie oder ein von Ihnen benannter Dritter, der nicht der Bef\u00f6rderer ist, die letzte Ware in Besitz genommen haben bzw. hat, wenn Sie mehrere Waren im Rahmen einer einheitlichen Bestellung bestellt haben und die Waren getrennt geliefert werden;<\/li><li>an dem Sie oder ein von Ihnen benannter Dritter, der nicht der Bef\u00f6rderer ist, die letzte Teilsendung oder das letzte St\u00fcck in Besitz genommen haben bzw. hat, wenn Sie eine Ware bestellt haben, die in mehreren Teilsendungen oder St\u00fccken geliefert wird.<\/li><\/ul>\n\n\n\n<p><br>Wenn mehrere der vorstehenden Alternativen vorliegen, beginnt die Widerrufsfrist erst zu laufen, wenn Sie oder ein von Ihnen benannter Dritter, der nicht Bef\u00f6rderer ist, die letzte Ware bzw. die letzte Teilsendung bzw. das letzte St\u00fcck in Besitz genommen haben bzw. hat.<br>Um Ihr Widerrufsrecht auszu\u00fcben, m\u00fcssen Sie die<br><br>PrimVerlag<br>Kirchenweg 18<\/p>\n\n\n\n<p>4062 Kirchberg-Thening<\/p>\n\n\n\n<p>Austria<br><br>mittels einer eindeutigen Erkl\u00e4rung (z.B. ein mit der Post versandter Brief, Telefax oder E-Mail) \u00fcber Ihren Entschluss, diesen Vertrag zu widerrufen, informieren. Sie k\u00f6nnen daf\u00fcr das beigef\u00fcgte Muster-Widerrufsformular verwenden, das jedoch nicht vorgeschrieben ist.<br>Zur Wahrung der Frist gen\u00fcgt die rechtzeitige Absendung der Mitteilung \u00fcber die Aus\u00fcbung des Widerrufsrechts.<br>Das R\u00fccktrittsrecht gilt nicht f\u00fcr Waren, die nach Kundenspezifikationen angefertigt werden oder eindeutig auf die pers\u00f6nlichen Bed\u00fcrfnisse zugeschnitten sind. Weiters gilt das R\u00fccktrittsrecht nicht f\u00fcr CDs, DVDs etc oder f\u00fcr Software, wenn diese vom Kunden entsiegelt wurden.<br>R\u00fcckgabefolgen:<br>Im Falle einer wirksamen R\u00fcckgabe sind die beiderseits empfangenen Leistungen zur\u00fcckzugew\u00e4hren. Wenn Sie diesen Vertrag widerrufen, haben wir Ihnen alle Zahlungen, die wir von Ihnen erhalten haben, einschlie\u00dflich der Lieferkosten (mit Ausnahme der zus\u00e4tzlichen Kosten, die sich daraus ergeben, dass Sie eine andere Art der Lieferung als die von uns angebotene, g\u00fcnstigste Standardlieferung gew\u00e4hlt haben), unverz\u00fcglich und sp\u00e4testens binnen vierzehn Tagen ab dem Tag zur\u00fcckzuzahlen, an dem die Mitteilung \u00fcber Ihren Widerruf dieses Vertrags bei uns eingegangen ist. F\u00fcr diese R\u00fcckzahlung verwenden wir dasselbe Zahlungsmittel, das Sie bei der urspr\u00fcnglichen Transaktion eingesetzt haben, es sei denn, mit Ihnen wurde ausdr\u00fccklich etwas anderes vereinbart. In keinem Fall werden Ihnen wegen dieser R\u00fcckzahlung Entgelte berechnet. Wir k\u00f6nnen die R\u00fcckzahlung verweigern, bis wir die Ware wieder zur\u00fcckerhalten haben oder bis Sie den Nachweis erbracht haben, dass Sie die Waren zur\u00fcckgesandt haben, je nachdem, welches der fr\u00fchere Zeitpunkt ist. Sie haben die Waren unverz\u00fcglich und in jedem Fall sp\u00e4testens binnen vierzehn Tagen ab dem Tag, an dem Sie uns \u00fcber den Widerruf dieses Vertrags unterrichten an<br><br>PrimVerlag<br>Kirchenweg 18<\/p>\n\n\n\n<p>4062 Kirchberg-Thening<\/p>\n\n\n\n<p>Austria<br><br>zur\u00fcckzusenden oder zu \u00fcbergeben. Die Frist ist gewahrt, wenn Sie die Waren vor Ablauf der Frist von vierzehn Tagen absenden.<br><br><br><strong>\u00a77 Eigentumsvorbehalt<\/strong><br><br>1. Bis zur vollst\u00e4ndigen Bezahlung aller gegen den Kunden bestehenden Anspr\u00fcche, einschlie\u00dflich aller Nebenforderungen, verbleibt die gelieferte Ware im Eigentum von PrimVerlag. Bei Vertr\u00e4gen mit Verbrauchern beh\u00e4lt sich PrimVerlag das Eigentumsrecht bis zur vollst\u00e4ndigen Zahlung des Kaufpreises vor.<br><br>2. Der Kunde ist nicht berechtigt, die Ware bis zur vollst\u00e4ndigen Bezahlung des<br>Kaufpreises Dritten zu ver\u00e4u\u00dfern oder sonstige, das Eigentum von PrimVerlag gef\u00e4hrdende Ma\u00dfnahmen zu ergreifen. Der Kunde tritt bereits jetzt seine k\u00fcnftigen Anspr\u00fcche gegen\u00fcber dem Erwerber in H\u00f6he des zwischen PrimVerlag und dem Kunden vereinbarten Kaufpreises samt Zinsen und Nebenforderungen an PrimVerlag ab. PrimVerlag nimmt diese Abtretung an.<br><br><br><strong>\u00a78 Anwendbares Recht, Erf\u00fcllungsort und Gerichtsstand<\/strong><br><br>1. Es gilt ausschlie\u00dflich materielles \u00f6sterreichisches Recht unter Ausschluss des UN-Kaufrechts.<br><br>2. Erf\u00fcllungsort f\u00fcr alle Leistungen aus der mit der Firma PrimVerlag bestehenden Gesch\u00e4ftsbeziehungen ist 4062 Kirchberg-Thening.<br><br>3. Ausschlie\u00dflicher Gerichtsstand f\u00fcr Klagen gegen PrimVerlag ist 4050 Traun. Dieses gilt auch f\u00fcr Klagen von PrimVerlag gegen den Kunden soweit der Kunde Unternehmer, juristische Person des \u00f6ffentlichen Rechts oder \u00f6ffentlich-rechtliches Sonderverm\u00f6gen ist.<br><br><br><strong>\u00a79 Haftungsausschluss<\/strong><br><br>1. Inhalt des Onlineangebotes<br>Alle Online-Angebote sind unverbindlich und freibleibend. PrimVerlag ist berechtigt, das Onlineangebot jederzeit ohne Vorank\u00fcndigung abzu\u00e4ndern. Preisirrt\u00fcmer sind vorbehalten.<br>PrimVerlag haftet weder f\u00fcr die Aktualit\u00e4t noch Richtigkeit oder Vollst\u00e4ndigkeit der von ihr online zur Verf\u00fcgung gestellten Informationen. Schadenersatzanspr\u00fcche sind in diesem Zusammenhang ausdr\u00fccklich ausgeschlossen.<br><br>2. Verweise und Links<br>Links, die zu Informationsangeboten au\u00dferhalb der Homepage von PrimVerlag f\u00fchren, liegen nicht im Verantwortungsbereich von PrimVerlag. Diesen trifft keine Haftung f\u00fcr diese Inhalte, wenn PrimVerlag von einer rechtswidrigen T\u00e4tigkeit oder Information keine Kenntnis hat bzw. diese Rechtswidrigkeit ihr nicht auffallen konnte und diese den Link, sobald ihr die Rechtswidrigkeit bekannt wird, ohne Verzug entfernt. Zum Zeitpunkt der Linksetzung waren f\u00fcr PrimVerlag keine illegalen Inhalte auf den verlinkten Seiten erkennbar.<br>Homepagebetreiber, die keine Verlinkung durch PrimVerlag zulassen wollen, werden aufgefordert dies mitzuteilen.<br><br>3. Urheber- und Kennzeichenrecht<br>PrimVerlag ist bestrebt, in allen Publikationen die Urheberrechte der verwendeten Grafiken, Tondokumente, Videosequenzen und Texte zu beachten, von ihr selbst erstellte Grafiken, Tondokumente, Videosequenzen und Texte zu nutzen oder auf lizenzfreie Grafiken, Tondokumente, Videosequenzen und Texte zur\u00fcckzugreifen.<br>Alle innerhalb des Internetangebotes abgebildeten und allenfalls durch Dritte gesch\u00fctzte Marken- und Warenzeichen unterliegen uneingeschr\u00e4nkt den Bestimmungen des jeweils g\u00fcltigen Kennzeichenrechts und den Nutzungsrechten der jeweiligen eingetragenen Eigent\u00fcmer. Allein aufgrund der blo\u00dfen Nennung ist nicht der Schluss zu ziehen, dass Markenzeichen nicht durch Rechte Dritter gesch\u00fctzt sind!<br>Das Copyright f\u00fcr ver\u00f6ffentlichte von PrimVerlag selbst erstellte Objekte bleibt allein bei PrimVerlag. Eine Vervielf\u00e4ltigung oder Verwendung von Grafiken, Tondokumente, Videosequenzen und Texte in anderen elektronischen oder gedruckten Publikationen ist ohne ausdr\u00fcckliche Zustimmung von PrimVerlag nicht gestattet.<br>PrimVerlag gestattet die Verwendung von auf der Homepage verf\u00fcgbaren Lichtbildern nicht.<br><br>4. Datenschutz<br>Die Eingabe von Daten erfolgt freiwillig. Daten werden nur f\u00fcr Zwecke der PrimVerlag verwendet.<br>Die Nutzung der Kontaktdaten der PrimVerlag wie Postanschriften, Telefon- und Faxnummern sowie Email-Adressen durch Dritte zwecks \u00dcbersendung von nicht ausdr\u00fccklich angeforderten Informationen wird nicht gestattet. F\u00fcr den Fall des Zuwiderhandelns werden rechtliche Schritte gegen den jeweiligen Versender von Spam-Mails hiermit ausdr\u00fccklich vorbehalten.<br><br>5. Rechtswirksamkeit dieses Haftungsausschlusses<br>Dieser Haftungsausschluss ist als Teil des Internetangebotes zu betrachten, von dem aus auf diese Allgemeinen Gesch\u00e4ftsbedingungen verwiesen wurde.<br><br><br><strong>\u00a710 Schlussbestimmung<\/strong><br><br>Sollten einzelne dieser Bestimmungen \u2013 gleich aus welchem Grund \u2013 nicht zur Anwendung gelangen, so wird dadurch die Wirksamkeit der \u00fcbrigen Bestimmungen nicht ber\u00fchrt. Es ist dann anzunehmen, dass die Parteien eine andere \u2013 g\u00fcltige - Regelung treffen wollten, die der nicht anzuwendenden nach dem Parteiwillen am n\u00e4chsten kommt.<br><br><br><strong>\u00a711 Inkrafttreten, Abruf<\/strong><br><br>Diese Allgemeinen Gesch\u00e4ftsbedingungen (AGB) sind mit 17.08.2018 in Kraft getreten und ersetzen unsere bis dahin in Geltung gewesenen AGB.<br>Diese Allgemeinen Gesch\u00e4ftsbedingungen lassen sich online auf unserer Homepage www.primverlag.at abrufen und k\u00f6nnen als pdf abgespeichert werden. Sie werden vor Ihrer Bestellung aufgefordert, die Allgemeinen Gesch\u00e4ftsbedingungen zu akzeptieren. Ohne Annahme unserer Allgemeinen Gesch\u00e4ftsbedingungen k\u00f6nnen Bestellungen nicht aufgegeben werden.<\/p>","protected":false},"excerpt":{"rendered":"<p>PrimVerlag Kirchenweg 184062 Kirchberg-TheningAustriaFon: +43 7221 21103Fax: +43 7221 21103-99Email:\u00a0hallo@primverlag.at ALLGEMEINE GESCH\u00c4FTSBEDINGUNGEN \u00a71 Allgemeines 1. F\u00fcr Gesch\u00e4ftsbeziehungen jeglicher Art zwischen PrimVerlag und dem Kunden gelten die nachfolgenden Allgemeinen Gesch\u00e4ftsbedingungen in ihrer jeweils g\u00fcltigen Fassung. Abweichende Bedingungen oder allgemeine Gesch\u00e4ftsbedingungen des Kunden haben keine G\u00fcltigkeit, es sei denn, es ist schriftlich etwas anderes vereinbart worden. Die [&hellip;]<\/p>","protected":false},"author":1,"featured_media":0,"parent":0,"menu_order":0,"comment_status":"closed","ping_status":"closed","template":"","meta":{"rank_math_lock_modified_date":false,"footnotes":""},"class_list":["post-124","page","type-page","status-publish","hentry"],"_links":{"self":[{"href":"https:\/\/primverlag.at\/en\/wp-json\/wp\/v2\/pages\/124"}],"collection":[{"href":"https:\/\/primverlag.at\/en\/wp-json\/wp\/v2\/pages"}],"about":[{"href":"https:\/\/primverlag.at\/en\/wp-json\/wp\/v2\/types\/page"}],"author":[{"embeddable":true,"href":"https:\/\/primverlag.at\/en\/wp-json\/wp\/v2\/users\/1"}],"replies":[{"embeddable":true,"href":"https:\/\/primverlag.at\/en\/wp-json\/wp\/v2\/comments?post=124"}],"version-history":[{"count":2,"href":"https:\/\/primverlag.at\/en\/wp-json\/wp\/v2\/pages\/124\/revisions"}],"predecessor-version":[{"id":2044,"href":"https:\/\/primverlag.at\/en\/wp-json\/wp\/v2\/pages\/124\/revisions\/2044"}],"wp:attachment":[{"href":"https:\/\/primverlag.at\/en\/wp-json\/wp\/v2\/media?parent=124"}],"curies":[{"name":"wp","href":"https:\/\/api.w.org\/{rel}","templated":true}]}}